{"id":54084,"date":"2020-10-09T23:02:58","date_gmt":"2020-10-09T21:02:58","guid":{"rendered":"http:\/\/beil-peine.de\/product-overview\/"},"modified":"2025-01-22T11:40:46","modified_gmt":"2025-01-22T10:40:46","slug":"product-overview","status":"publish","type":"page","link":"https:\/\/beil-peine.de\/en\/product-overview\/","title":{"rendered":"Product Overview"},"content":{"rendered":"<p><div class=\"fusion-fullwidth fullwidth-box fusion-builder-row-1 fusion-parallax-none nonhundred-percent-fullwidth non-hundred-percent-height-scrolling fusion-equal-height-columns\" style=\"--awb-border-radius-top-left:0px;--awb-border-radius-top-right:0px;--awb-border-radius-bottom-right:0px;--awb-border-radius-bottom-left:0px;--awb-padding-top:0px;--awb-padding-right:0px;--awb-padding-bottom:0px;--awb-padding-left:0px;--awb-margin-top:0px;--awb-margin-bottom:0px;--awb-background-image:url(&quot;https:\/\/beil-peine.de\/wp-content\/uploads\/2020\/07\/Unsere_Produkte_Header.png&quot;);--awb-background-size:cover;--awb-flex-wrap:wrap;\" ><div class=\"fusion-builder-row fusion-row\"><div class=\"fusion-layout-column fusion_builder_column fusion-builder-column-0 fusion_builder_column_1_6 1_6 fusion-one-sixth fusion-column-first\" style=\"--awb-bg-size:cover;width:16.6666666667%;width:calc(16.6666666667% - ( ( 4% ) * 0.166666666667 ) );margin-right: 4%;\"><div class=\"fusion-column-wrapper fusion-column-has-shadow fusion-flex-column-wrapper-legacy\"><div class=\"fusion-clearfix\"><\/div><\/div><\/div><div class=\"fusion-layout-column fusion_builder_column fusion-builder-column-1 fusion_builder_column_5_6 5_6 fusion-five-sixth fusion-column-last fusion-column-inner-bg-wrapper\" style=\"--awb-padding-top:0px;--awb-padding-right:0px;--awb-padding-bottom:0px;--awb-padding-left:0px;--awb-inner-bg-position:center center;--awb-inner-bg-size:cover;--awb-margin-bottom:0px;width:83.3333333333%;width:calc(83.3333333333% - ( ( 4% ) * 0.833333333333 ) );\"><span class=\"fusion-column-inner-bg hover-type-none\"><a class=\"fusion-column-anchor\" href=\"#current%20issues\"><span class=\"fusion-column-inner-bg-image\"><\/span><\/a><\/span><div class=\"fusion-column-wrapper fusion-column-has-shadow fusion-flex-column-wrapper-legacy\"><div class=\"fusion-column-content-centered\"><div class=\"fusion-column-content\"><div class=\"fusion-image-element fusion-image-align-left in-legacy-container\" style=\"text-align:left;--awb-caption-title-font-family:var(--h2_typography-font-family);--awb-caption-title-font-weight:var(--h2_typography-font-weight);--awb-caption-title-font-style:var(--h2_typography-font-style);--awb-caption-title-size:var(--h2_typography-font-size);--awb-caption-title-transform:var(--h2_typography-text-transform);--awb-caption-title-line-height:var(--h2_typography-line-height);--awb-caption-title-letter-spacing:var(--h2_typography-letter-spacing);\"><span class=\" fusion-imageframe imageframe-none imageframe-1 hover-type-none\" style=\"margin-right:25px;float:left;\"><img decoding=\"async\" width=\"1024\" height=\"576\" alt=\"Orthop\u00e4die Kunststoffe und weitere Produkte f\u00fcr die Orthop\u00e4die-Werkstatt\" title=\"BEI_Text_Produkte\" data-src=\"https:\/\/beil-peine.de\/wp-content\/uploads\/2020\/09\/BEI_Text_Produkte-1-1024x576.png\" class=\"img-responsive wp-image-53547 lazyload\" data-srcset=\"https:\/\/beil-peine.de\/wp-content\/uploads\/2020\/09\/BEI_Text_Produkte-1-200x113.png 200w, https:\/\/beil-peine.de\/wp-content\/uploads\/2020\/09\/BEI_Text_Produkte-1-400x225.png 400w, https:\/\/beil-peine.de\/wp-content\/uploads\/2020\/09\/BEI_Text_Produkte-1-600x338.png 600w, https:\/\/beil-peine.de\/wp-content\/uploads\/2020\/09\/BEI_Text_Produkte-1-800x450.png 800w, https:\/\/beil-peine.de\/wp-content\/uploads\/2020\/09\/BEI_Text_Produkte-1-1200x675.png 1200w, https:\/\/beil-peine.de\/wp-content\/uploads\/2020\/09\/BEI_Text_Produkte-1.png 1920w\" data-sizes=\"(max-width: 800px) 100vw, 1200px\" src=\"data:image\/svg+xml;base64,PHN2ZyB3aWR0aD0iMSIgaGVpZ2h0PSIxIiB4bWxucz0iaHR0cDovL3d3dy53My5vcmcvMjAwMC9zdmciPjwvc3ZnPg==\" style=\"--smush-placeholder-width: 1024px; --smush-placeholder-aspect-ratio: 1024\/576;\" \/><\/span><\/div><\/div><\/div><div class=\"fusion-clearfix\"><\/div><\/div><\/div><\/div><\/div><div class=\"fusion-fullwidth fullwidth-box fusion-builder-row-2 nonhundred-percent-fullwidth non-hundred-percent-height-scrolling fusion-equal-height-columns\" style=\"--awb-border-radius-top-left:0px;--awb-border-radius-top-right:0px;--awb-border-radius-bottom-right:0px;--awb-border-radius-bottom-left:0px;--awb-padding-top:90px;--awb-padding-bottom:90px;--awb-flex-wrap:wrap;\" ><div class=\"fusion-builder-row fusion-row\"><div class=\"fusion-layout-column fusion_builder_column fusion-builder-column-2 fusion_builder_column_1_6 1_6 fusion-one-sixth fusion-column-first fusion-column-no-min-height\" style=\"--awb-bg-size:cover;width:16.6666666667%;width:calc(16.6666666667% - ( ( 4% ) * 0.166666666667 ) );margin-right: 4%;\"><div class=\"fusion-column-wrapper fusion-column-has-shadow fusion-flex-column-wrapper-legacy\"><div class=\"fusion-clearfix\"><\/div><\/div><\/div><div class=\"fusion-layout-column fusion_builder_column fusion-builder-column-3 fusion_builder_column_5_6 5_6 fusion-five-sixth fusion-column-last fusion-column-no-min-height\" style=\"--awb-bg-size:cover;width:83.3333333333%;width:calc(83.3333333333% - ( ( 4% ) * 0.833333333333 ) );\"><div class=\"fusion-column-wrapper fusion-column-has-shadow fusion-flex-column-wrapper-legacy\"><div class=\"fusion-title title fusion-title-1 fusion-sep-none fusion-title-text fusion-title-size-one\" style=\"--awb-font-size:20px;\"><h1 class=\"fusion-title-heading title-heading-left fusion-responsive-typography-calculated\" style=\"margin:0;font-size:1em;--fontSize:20;--minFontSize:20;line-height:1;\">Product catalog BEIL PEINE &#8211; Orthopaedic plastics<\/h1><\/div><div class=\"fusion-text fusion-text-1\"><h2 style=\"font-size: 1.6em !important;\">CHOOSE PRODUCTS for the orthopaedic workshop from THE FOLLOWING CATEGORIES<\/h2>\n<\/div><div class=\"fusion-text fusion-text-2\"><p style=\"text-align: left;\"><a href=\"https:\/\/beil-peine.de\/en\/catalogue\/\" target=\"_blank\" rel=\"noopener\">ALL PRODUCTS<\/a><\/p>\n<\/div><div class=\"fusion-sep-clear\"><\/div><div class=\"fusion-separator fusion-full-width-sep\" style=\"margin-left: auto;margin-right: auto;margin-top:-10px;margin-bottom:15px;width:100%;\"><div class=\"fusion-separator-border sep-single\" style=\"--awb-height:20px;--awb-amount:20px;--awb-sep-color:#b5b5b5;border-color:#b5b5b5;border-top-width:1px;\"><\/div><\/div><div class=\"fusion-sep-clear\"><\/div><div class=\"fusion-text fusion-text-3\"><p style=\"text-align: left;\"><a href=\"https:\/\/beil-peine.de\/en\/catalogue\/#_6\" target=\"_blank\" rel=\"noopener\">MOULDING<\/a><\/p>\n<\/div><div class=\"fusion-sep-clear\"><\/div><div class=\"fusion-separator fusion-full-width-sep\" style=\"margin-left: auto;margin-right: auto;margin-top:-10px;margin-bottom:15px;width:100%;\"><div class=\"fusion-separator-border sep-single\" style=\"--awb-height:20px;--awb-amount:20px;--awb-sep-color:#b5b5b5;border-color:#b5b5b5;border-top-width:1px;\"><\/div><\/div><div class=\"fusion-sep-clear\"><\/div><div class=\"fusion-text fusion-text-4\"><p style=\"text-align: left;\"><a href=\"https:\/\/beil-peine.de\/en\/catalogue\/#_8\" target=\"_blank\" rel=\"noopener\">SEPERATING<\/a><\/p>\n<\/div><div class=\"fusion-sep-clear\"><\/div><div class=\"fusion-separator fusion-full-width-sep\" style=\"margin-left: auto;margin-right: auto;margin-top:-10px;margin-bottom:15px;width:100%;\"><div class=\"fusion-separator-border sep-single\" style=\"--awb-height:20px;--awb-amount:20px;--awb-sep-color:#b5b5b5;border-color:#b5b5b5;border-top-width:1px;\"><\/div><\/div><div class=\"fusion-sep-clear\"><\/div><div class=\"fusion-text fusion-text-5\"><p style=\"text-align: left;\"><a href=\"https:\/\/beil-peine.de\/en\/catalogue\/#_13\" target=\"_blank\" rel=\"noopener\">PUR RIGID FOAM<\/a><\/p>\n<\/div><div class=\"fusion-sep-clear\"><\/div><div class=\"fusion-separator fusion-full-width-sep\" style=\"margin-left: auto;margin-right: auto;margin-top:-10px;margin-bottom:15px;width:100%;\"><div class=\"fusion-separator-border sep-single\" style=\"--awb-height:20px;--awb-amount:20px;--awb-sep-color:#b5b5b5;border-color:#b5b5b5;border-top-width:1px;\"><\/div><\/div><div class=\"fusion-sep-clear\"><\/div><div class=\"fusion-text fusion-text-6\"><p style=\"text-align: left;\"><a href=\"https:\/\/beil-peine.de\/en\/catalogue\/#_16\" target=\"_blank\" rel=\"noopener\">PUR FLEXIBLE FOAM<\/a><\/p>\n<\/div><div class=\"fusion-sep-clear\"><\/div><div class=\"fusion-separator fusion-full-width-sep\" style=\"margin-left: auto;margin-right: auto;margin-top:-10px;margin-bottom:15px;width:100%;\"><div class=\"fusion-separator-border sep-single\" style=\"--awb-height:20px;--awb-amount:20px;--awb-sep-color:#b5b5b5;border-color:#b5b5b5;border-top-width:1px;\"><\/div><\/div><div class=\"fusion-sep-clear\"><\/div><div class=\"fusion-text fusion-text-7\"><p style=\"text-align: left;\"><a href=\"https:\/\/beil-peine.de\/en\/catalogue\/#_21\" target=\"_blank\" rel=\"noopener\">PUTTIES<\/a><\/p>\n<\/div><div class=\"fusion-sep-clear\"><\/div><div class=\"fusion-separator fusion-full-width-sep\" style=\"margin-left: auto;margin-right: auto;margin-top:-10px;margin-bottom:15px;width:100%;\"><div class=\"fusion-separator-border sep-single\" style=\"--awb-height:20px;--awb-amount:20px;--awb-sep-color:#b5b5b5;border-color:#b5b5b5;border-top-width:1px;\"><\/div><\/div><div class=\"fusion-sep-clear\"><\/div><div class=\"fusion-text fusion-text-8\"><p style=\"text-align: left;\"><a href=\"https:\/\/beil-peine.de\/en\/catalogue\/#_23\" target=\"_blank\" rel=\"noopener\">MOULDING COMPOUNDS<\/a><\/p>\n<\/div><div class=\"fusion-sep-clear\"><\/div><div class=\"fusion-separator fusion-full-width-sep\" style=\"margin-left: auto;margin-right: auto;margin-top:-10px;margin-bottom:15px;width:100%;\"><div class=\"fusion-separator-border sep-single\" style=\"--awb-height:20px;--awb-amount:20px;--awb-sep-color:#b5b5b5;border-color:#b5b5b5;border-top-width:1px;\"><\/div><\/div><div class=\"fusion-sep-clear\"><\/div><div class=\"fusion-text fusion-text-9\"><p style=\"text-align: left;\"><a href=\"https:\/\/beil-peine.de\/en\/catalogue\/#_26\" target=\"_blank\" rel=\"noopener\">LAMINATING RESINS AND HARDENER<\/a><\/p>\n<\/div><div class=\"fusion-sep-clear\"><\/div><div class=\"fusion-separator fusion-full-width-sep\" style=\"margin-left: auto;margin-right: auto;margin-top:-10px;margin-bottom:15px;width:100%;\"><div class=\"fusion-separator-border sep-single\" style=\"--awb-height:20px;--awb-amount:20px;--awb-sep-color:#b5b5b5;border-color:#b5b5b5;border-top-width:1px;\"><\/div><\/div><div class=\"fusion-sep-clear\"><\/div><div class=\"fusion-text fusion-text-10\"><p style=\"text-align: left;\"><a href=\"https:\/\/beil-peine.de\/en\/catalogue\/#_32\" target=\"_blank\" rel=\"noopener\">REINFORCING MATERIALS<\/a><\/p>\n<\/div><div class=\"fusion-sep-clear\"><\/div><div class=\"fusion-separator fusion-full-width-sep\" style=\"margin-left: auto;margin-right: auto;margin-top:-10px;margin-bottom:15px;width:100%;\"><div class=\"fusion-separator-border sep-single\" style=\"--awb-height:20px;--awb-amount:20px;--awb-sep-color:#b5b5b5;border-color:#b5b5b5;border-top-width:1px;\"><\/div><\/div><div class=\"fusion-sep-clear\"><\/div><div class=\"fusion-text fusion-text-11\"><p style=\"text-align: left;\"><a href=\"https:\/\/beil-peine.de\/en\/catalogue\/#_41\" target=\"_blank\" rel=\"noopener\">SEPARATING FILMS \/ PVA FILM SLEEVES<\/a><\/p>\n<\/div><div class=\"fusion-sep-clear\"><\/div><div class=\"fusion-separator fusion-full-width-sep\" style=\"margin-left: auto;margin-right: auto;margin-top:-10px;margin-bottom:15px;width:100%;\"><div class=\"fusion-separator-border sep-single\" style=\"--awb-height:20px;--awb-amount:20px;--awb-sep-color:#b5b5b5;border-color:#b5b5b5;border-top-width:1px;\"><\/div><\/div><div class=\"fusion-sep-clear\"><\/div><div class=\"fusion-text fusion-text-12\"><p style=\"text-align: left;\"><a href=\"https:\/\/beil-peine.de\/en\/catalogue\/#_44\" target=\"_blank\" rel=\"noopener\">SILICONES AND PLASTIC MODELLING MATERIALS<\/a><\/p>\n<\/div><div class=\"fusion-sep-clear\"><\/div><div class=\"fusion-separator fusion-full-width-sep\" style=\"margin-left: auto;margin-right: auto;margin-top:-10px;margin-bottom:15px;width:100%;\"><div class=\"fusion-separator-border sep-single\" style=\"--awb-height:20px;--awb-amount:20px;--awb-sep-color:#b5b5b5;border-color:#b5b5b5;border-top-width:1px;\"><\/div><\/div><div class=\"fusion-sep-clear\"><\/div><div class=\"fusion-text fusion-text-13\"><p style=\"text-align: left;\"><a href=\"https:\/\/beil-peine.de\/en\/catalogue\/#_46\" target=\"_blank\" rel=\"noopener\">THERMOPLASTIC SHEET MATERIALS<\/a><\/p>\n<\/div><div class=\"fusion-sep-clear\"><\/div><div class=\"fusion-separator fusion-full-width-sep\" style=\"margin-left: auto;margin-right: auto;margin-top:-10px;margin-bottom:15px;width:100%;\"><div class=\"fusion-separator-border sep-single\" style=\"--awb-height:20px;--awb-amount:20px;--awb-sep-color:#b5b5b5;border-color:#b5b5b5;border-top-width:1px;\"><\/div><\/div><div class=\"fusion-sep-clear\"><\/div><div class=\"fusion-text fusion-text-14\"><p style=\"text-align: left;\"><a href=\"https:\/\/beil-peine.de\/en\/catalogue\/#_50\" target=\"_blank\" rel=\"noopener\">SOLE STIFFENERS AND INSOLES<\/a><\/p>\n<\/div><div class=\"fusion-sep-clear\"><\/div><div class=\"fusion-separator fusion-full-width-sep\" style=\"margin-left: auto;margin-right: auto;margin-top:-10px;margin-bottom:15px;width:100%;\"><div class=\"fusion-separator-border sep-single\" style=\"--awb-height:20px;--awb-amount:20px;--awb-sep-color:#b5b5b5;border-color:#b5b5b5;border-top-width:1px;\"><\/div><\/div><div class=\"fusion-sep-clear\"><\/div><div class=\"fusion-text fusion-text-15\"><p style=\"text-align: left;\"><a href=\"https:\/\/beil-peine.de\/en\/catalogue\/#_58\" target=\"_blank\" rel=\"noopener\">SOLE STRUCTURE, BEDDING AND COVER MATERIAL<\/a><\/p>\n<\/div><div class=\"fusion-sep-clear\"><\/div><div class=\"fusion-separator fusion-full-width-sep\" style=\"margin-left: auto;margin-right: auto;margin-top:-10px;margin-bottom:15px;width:100%;\"><div class=\"fusion-separator-border sep-single\" style=\"--awb-height:20px;--awb-amount:20px;--awb-sep-color:#b5b5b5;border-color:#b5b5b5;border-top-width:1px;\"><\/div><\/div><div class=\"fusion-sep-clear\"><\/div><div class=\"fusion-text fusion-text-16\"><p style=\"text-align: left;\"><a href=\"https:\/\/beil-peine.de\/en\/catalogue\/#_64\" target=\"_blank\" rel=\"noopener\">ADHESIVE TAPES AND FURTHER ACCESSORIES\u00a0<\/a><\/p>\n<\/div><div class=\"fusion-sep-clear\"><\/div><div class=\"fusion-separator fusion-full-width-sep\" style=\"margin-left: auto;margin-right: auto;margin-top:-10px;margin-bottom:15px;width:100%;\"><div class=\"fusion-separator-border sep-single\" style=\"--awb-height:20px;--awb-amount:20px;--awb-sep-color:#b5b5b5;border-color:#b5b5b5;border-top-width:1px;\"><\/div><\/div><div class=\"fusion-sep-clear\"><\/div><div class=\"fusion-text fusion-text-17\"><p style=\"text-align: left;\"><a href=\"https:\/\/beil-peine.de\/en\/catalogue\/#_74\" target=\"_blank\" rel=\"noopener\">WORKSHOP EQUIPMENT AND WORK PROTECTION PRODUCTS<\/a><\/p>\n<\/div><div class=\"fusion-clearfix\"><\/div><\/div><\/div><\/div><\/div><footer class=\"fusion-fullwidth fullwidth-box fusion-builder-row-3 nonhundred-percent-fullwidth non-hundred-percent-height-scrolling\" style=\"--awb-border-radius-top-left:0px;--awb-border-radius-top-right:0px;--awb-border-radius-bottom-right:0px;--awb-border-radius-bottom-left:0px;--awb-padding-top:0px;--awb-padding-bottom:0px;--awb-margin-top:0px;--awb-margin-bottom:0px;--awb-background-color:#b82284;--awb-flex-wrap:wrap;\" ><div class=\"fusion-builder-row fusion-row\"><div class=\"fusion-layout-column fusion_builder_column fusion-builder-column-4 fusion_builder_column_1_1 1_1 fusion-one-full fusion-column-first fusion-column-last\" style=\"--awb-padding-top:0px;--awb-padding-bottom:0px;--awb-bg-size:cover;--awb-margin-bottom:0px;\"><div class=\"fusion-column-wrapper fusion-column-has-shadow fusion-flex-column-wrapper-legacy\"><div class=\"fusion-image-element fusion-image-align-center in-legacy-container\" style=\"text-align:center;--awb-caption-title-font-family:var(--h2_typography-font-family);--awb-caption-title-font-weight:var(--h2_typography-font-weight);--awb-caption-title-font-style:var(--h2_typography-font-style);--awb-caption-title-size:var(--h2_typography-font-size);--awb-caption-title-transform:var(--h2_typography-text-transform);--awb-caption-title-line-height:var(--h2_typography-line-height);--awb-caption-title-letter-spacing:var(--h2_typography-letter-spacing);\"><div class=\"imageframe-align-center\"><span class=\" fusion-imageframe imageframe-none imageframe-2 hover-type-none\"><img decoding=\"async\" width=\"1200\" height=\"262\" title=\"Hinweis_Lieferung\" data-src=\"https:\/\/beil-peine.de\/wp-content\/uploads\/2020\/09\/Hinweis_Lieferung-1200x262.png\" class=\"img-responsive wp-image-53532 lazyload\" data-srcset=\"https:\/\/beil-peine.de\/wp-content\/uploads\/2020\/09\/Hinweis_Lieferung-200x44.png 200w, https:\/\/beil-peine.de\/wp-content\/uploads\/2020\/09\/Hinweis_Lieferung-400x87.png 400w, https:\/\/beil-peine.de\/wp-content\/uploads\/2020\/09\/Hinweis_Lieferung-600x131.png 600w, https:\/\/beil-peine.de\/wp-content\/uploads\/2020\/09\/Hinweis_Lieferung-800x175.png 800w, https:\/\/beil-peine.de\/wp-content\/uploads\/2020\/09\/Hinweis_Lieferung-1200x262.png 1200w\" data-sizes=\"(max-width: 800px) 100vw, 1200px\" alt=\"\" src=\"data:image\/svg+xml;base64,PHN2ZyB3aWR0aD0iMSIgaGVpZ2h0PSIxIiB4bWxucz0iaHR0cDovL3d3dy53My5vcmcvMjAwMC9zdmciPjwvc3ZnPg==\" style=\"--smush-placeholder-width: 1200px; --smush-placeholder-aspect-ratio: 1200\/262;\"><\/span><\/div><\/div><div class=\"fusion-clearfix\"><\/div><\/div><\/div><\/div><\/footer>\n<\/p>\n","protected":false},"excerpt":{"rendered":"","protected":false},"author":4,"featured_media":0,"parent":0,"menu_order":30,"comment_status":"closed","ping_status":"closed","template":"100-width.php","meta":{"_acf_changed":false,"footnotes":""},"class_list":["post-54084","page","type-page","status-publish","hentry"],"acf":[],"_links":{"self":[{"href":"https:\/\/beil-peine.de\/en\/wp-json\/wp\/v2\/pages\/54084","targetHints":{"allow":["GET"]}}],"collection":[{"href":"https:\/\/beil-peine.de\/en\/wp-json\/wp\/v2\/pages"}],"about":[{"href":"https:\/\/beil-peine.de\/en\/wp-json\/wp\/v2\/types\/page"}],"author":[{"embeddable":true,"href":"https:\/\/beil-peine.de\/en\/wp-json\/wp\/v2\/users\/4"}],"replies":[{"embeddable":true,"href":"https:\/\/beil-peine.de\/en\/wp-json\/wp\/v2\/comments?post=54084"}],"version-history":[{"count":0,"href":"https:\/\/beil-peine.de\/en\/wp-json\/wp\/v2\/pages\/54084\/revisions"}],"wp:attachment":[{"href":"https:\/\/beil-peine.de\/en\/wp-json\/wp\/v2\/media?parent=54084"}],"curies":[{"name":"wp","href":"https:\/\/api.w.org\/{rel}","templated":true}]}}