{"id":55114,"date":"2022-03-03T09:43:04","date_gmt":"2022-03-03T08:43:04","guid":{"rendered":"https:\/\/beil-peine.de\/?page_id=55114"},"modified":"2022-05-23T14:17:47","modified_gmt":"2022-05-23T12:17:47","slug":"reach-regulation","status":"publish","type":"page","link":"https:\/\/beil-peine.de\/en\/reach-regulation\/","title":{"rendered":"REACH REGULATION"},"content":{"rendered":"<p><div class=\"fusion-fullwidth fullwidth-box fusion-builder-row-1 fusion-parallax-none nonhundred-percent-fullwidth non-hundred-percent-height-scrolling fusion-equal-height-columns\" style=\"--awb-border-radius-top-left:0px;--awb-border-radius-top-right:0px;--awb-border-radius-bottom-right:0px;--awb-border-radius-bottom-left:0px;--awb-padding-top:0px;--awb-padding-right:0px;--awb-padding-bottom:0px;--awb-padding-left:0px;--awb-margin-top:0px;--awb-margin-bottom:0px;--awb-background-image:url(&quot;https:\/\/beil-peine.de\/wp-content\/uploads\/2022\/03\/RECH_Verordnung_Header.jpg&quot;);--awb-background-size:cover;--awb-flex-wrap:wrap;\" ><div class=\"fusion-builder-row fusion-row\"><div class=\"fusion-layout-column fusion_builder_column fusion-builder-column-0 fusion_builder_column_1_6 1_6 fusion-one-sixth fusion-column-first\" style=\"--awb-bg-size:cover;width:16.6666666667%;width:calc(16.6666666667% - ( ( 4% ) * 0.166666666667 ) );margin-right: 4%;\"><div class=\"fusion-column-wrapper fusion-column-has-shadow fusion-flex-column-wrapper-legacy\"><div class=\"fusion-clearfix\"><\/div><\/div><\/div><div class=\"fusion-layout-column fusion_builder_column fusion-builder-column-1 fusion_builder_column_5_6 5_6 fusion-five-sixth fusion-column-last\" style=\"--awb-padding-top:0px;--awb-padding-right:0px;--awb-padding-bottom:0px;--awb-padding-left:0px;--awb-bg-position:center center;--awb-bg-size:cover;--awb-margin-bottom:0px;width:83.3333333333%;width:calc(83.3333333333% - ( ( 4% ) * 0.833333333333 ) );\"><div class=\"fusion-column-wrapper fusion-column-has-shadow fusion-flex-column-wrapper-legacy\"><div class=\"fusion-column-content-centered\"><div class=\"fusion-column-content\"><div class=\"fusion-image-element fusion-image-align-left in-legacy-container\" style=\"text-align:left;--awb-caption-title-font-family:var(--h2_typography-font-family);--awb-caption-title-font-weight:var(--h2_typography-font-weight);--awb-caption-title-font-style:var(--h2_typography-font-style);--awb-caption-title-size:var(--h2_typography-font-size);--awb-caption-title-transform:var(--h2_typography-text-transform);--awb-caption-title-line-height:var(--h2_typography-line-height);--awb-caption-title-letter-spacing:var(--h2_typography-letter-spacing);\"><span class=\" fusion-imageframe imageframe-none imageframe-1 hover-type-none switch\" style=\"margin-right:25px;float:left;\"><img decoding=\"async\" width=\"800\" height=\"512\" title=\"BEI_Text_EN_Landinpage_Verordnung\" data-src=\"https:\/\/beil-peine.de\/wp-content\/uploads\/2022\/03\/BEI_Text_EN_Landinpage_Verordnung-800x512.png\" class=\"img-responsive wp-image-55157 lazyload\" data-srcset=\"https:\/\/beil-peine.de\/wp-content\/uploads\/2022\/03\/BEI_Text_EN_Landinpage_Verordnung-200x128.png 200w, https:\/\/beil-peine.de\/wp-content\/uploads\/2022\/03\/BEI_Text_EN_Landinpage_Verordnung-400x256.png 400w, https:\/\/beil-peine.de\/wp-content\/uploads\/2022\/03\/BEI_Text_EN_Landinpage_Verordnung-600x384.png 600w, https:\/\/beil-peine.de\/wp-content\/uploads\/2022\/03\/BEI_Text_EN_Landinpage_Verordnung-800x512.png 800w, https:\/\/beil-peine.de\/wp-content\/uploads\/2022\/03\/BEI_Text_EN_Landinpage_Verordnung-1200x769.png 1200w, https:\/\/beil-peine.de\/wp-content\/uploads\/2022\/03\/BEI_Text_EN_Landinpage_Verordnung.png 1686w\" data-sizes=\"(max-width: 800px) 100vw, 1200px\" alt=\"\" src=\"data:image\/svg+xml;base64,PHN2ZyB3aWR0aD0iMSIgaGVpZ2h0PSIxIiB4bWxucz0iaHR0cDovL3d3dy53My5vcmcvMjAwMC9zdmciPjwvc3ZnPg==\" style=\"--smush-placeholder-width: 800px; --smush-placeholder-aspect-ratio: 800\/512;\"><\/span><\/div><\/div><\/div><div class=\"fusion-clearfix\"><\/div><\/div><\/div><\/div><\/div><div id=\"current issues\" class=\"fusion-container-anchor\"><div class=\"fusion-fullwidth fullwidth-box fusion-builder-row-2 nonhundred-percent-fullwidth non-hundred-percent-height-scrolling\" style=\"--awb-border-radius-top-left:0px;--awb-border-radius-top-right:0px;--awb-border-radius-bottom-right:0px;--awb-border-radius-bottom-left:0px;--awb-padding-top:90px;--awb-padding-bottom:90px;--awb-flex-wrap:wrap;\" ><div class=\"fusion-builder-row fusion-row\"><div class=\"fusion-layout-column fusion_builder_column fusion-builder-column-2 fusion_builder_column_1_6 1_6 fusion-one-sixth fusion-column-first\" style=\"--awb-bg-size:cover;width:16.6666666667%;width:calc(16.6666666667% - ( ( 4% ) * 0.166666666667 ) );margin-right: 4%;\"><div class=\"fusion-column-wrapper fusion-flex-column-wrapper-legacy\"><div class=\"fusion-clearfix\"><\/div><\/div><\/div><div class=\"fusion-layout-column fusion_builder_column fusion-builder-column-3 fusion_builder_column_5_6 5_6 fusion-five-sixth fusion-column-last\" style=\"--awb-bg-size:cover;width:83.3333333333%;width:calc(83.3333333333% - ( ( 4% ) * 0.833333333333 ) );\"><div class=\"fusion-column-wrapper fusion-column-has-shadow fusion-flex-column-wrapper-legacy\"><div class=\"fusion-text fusion-text-1\" style=\"--awb-text-transform:none;\"><h1>IMPORTANT INFORMATION ABOUT REGISTRATION, EVALUATION, AUTHORISATION AND RESTRICTION OF CHEMICALS<br \/>\nIN EUROPEAN UNION<\/h1>\n<div class=\"page\" title=\"Page 1\">\n<div class=\"section\">\n<div class=\"layoutArea\">\n<div class=\"column\">\n<h4>(REACH) REGULATION, ANNEX XVII, 74.<br \/>\nUSE OF DIISOCYANATES IN THE EU<br \/>\nREGULATION (EU) 2020\/1149<\/h4>\n<\/div>\n<\/div>\n<\/div>\n<\/div>\n<\/div><div class=\"fusion-button-wrapper\"><a class=\"fusion-button button-flat fusion-button-default-size button-default fusion-button-default button-1 fusion-button-default-span fusion-button-default-type\" style=\"--button_margin-bottom:20px;\" target=\"_blank\" rel=\"noopener noreferrer\" href=\"https:\/\/eur-lex.europa.eu\/eli\/reg\/2020\/1149\/oj\"><i class=\"fa-angle-right fas awb-button__icon awb-button__icon--default button-icon-left\" aria-hidden=\"true\"><\/i><span class=\"fusion-button-text awb-button__text awb-button__text--default\">More informations<\/span><\/a><\/div><div class=\"fusion-text fusion-text-2\" style=\"--awb-text-transform:none;\"><div class=\"page\" title=\"Page 1\">\n<div class=\"section\">\n<div class=\"layoutArea\">\n<div class=\"column\">\n<div class=\"page\" title=\"Page 1\">\n<div class=\"section\">\n<div class=\"layoutArea\">\n<div class=\"column\">\n<p>As from 24.02.2022, you will find on our entire PUR foam system containers component B (product containing diisocyanates) the following note:<br \/>\n<strong>\u201cAs from 24th August 2023, the handling\/ processing of diisocyanates is not allowed without a certified training.\u201d<\/strong><\/p>\n<p>Employers or self-employed have the duty to ensure before <strong>24th August 2023<\/strong> that a successful (certified) training course was absolved before using products that contain diisocyanates. This certificate is valid for 5 years and must then be renewed.<br \/>\nAt present, we establish all information and requirements and prepare it for you. We will continue to provide you with up-to-date information, so that you can work legally compliant and secure as usual with our proved PUR foam systems.<\/p>\n<p>After final regulations are available, we will inform you about possibilities as well as methods for those trainings.<\/p>\n<p>Please contact us for any questions on this issue. We would be pleased to assist you.<\/p>\n<\/div>\n<\/div>\n<\/div>\n<\/div>\n<\/div>\n<\/div>\n<\/div>\n<\/div>\n<\/div><div class=\"fusion-clearfix\"><\/div><\/div><\/div><div class=\"fusion-layout-column fusion_builder_column fusion-builder-column-4 fusion_builder_column_1_6 1_6 fusion-one-sixth fusion-column-first\" style=\"--awb-bg-size:cover;width:16.6666666667%;width:calc(16.6666666667% - ( ( 4% + 4% ) * 0.166666666667 ) );margin-right: 4%;\"><div class=\"fusion-column-wrapper fusion-flex-column-wrapper-legacy\"><div class=\"fusion-clearfix\"><\/div><\/div><\/div><div class=\"fusion-layout-column fusion_builder_column fusion-builder-column-5 fusion_builder_column_1_3 1_3 fusion-one-third\" style=\"--awb-bg-size:cover;width:33.3333333333%;width:calc(33.3333333333% - ( ( 4% + 4% ) * 0.333333333333 ) );margin-right: 4%;\"><div class=\"fusion-column-wrapper fusion-flex-column-wrapper-legacy\"><div class=\"fusion-image-element fusion-image-align-left in-legacy-container\" style=\"text-align:left;--awb-max-width:70px;--awb-caption-title-font-family:var(--h2_typography-font-family);--awb-caption-title-font-weight:var(--h2_typography-font-weight);--awb-caption-title-font-style:var(--h2_typography-font-style);--awb-caption-title-size:var(--h2_typography-font-size);--awb-caption-title-transform:var(--h2_typography-text-transform);--awb-caption-title-line-height:var(--h2_typography-line-height);--awb-caption-title-letter-spacing:var(--h2_typography-letter-spacing);\"><span class=\" fusion-imageframe imageframe-none imageframe-2 hover-type-none icons\" style=\"margin-right:25px;float:left;\"><img decoding=\"async\" width=\"194\" height=\"194\" title=\"BEI_Startseite_Icon_Telefon\" data-src=\"https:\/\/beil-peine.de\/wp-content\/uploads\/2020\/06\/BEI_Startseite_Icon_Telefon.png\" class=\"img-responsive wp-image-52957 lazyload\" alt=\"\" data-srcset=\"https:\/\/beil-peine.de\/wp-content\/uploads\/2020\/06\/BEI_Startseite_Icon_Telefon-66x66.png 66w, https:\/\/beil-peine.de\/wp-content\/uploads\/2020\/06\/BEI_Startseite_Icon_Telefon-150x150.png 150w, https:\/\/beil-peine.de\/wp-content\/uploads\/2020\/06\/BEI_Startseite_Icon_Telefon.png 194w\" data-sizes=\"(max-width: 194px) 100vw, 194px\" src=\"data:image\/svg+xml;base64,PHN2ZyB3aWR0aD0iMSIgaGVpZ2h0PSIxIiB4bWxucz0iaHR0cDovL3d3dy53My5vcmcvMjAwMC9zdmciPjwvc3ZnPg==\" style=\"--smush-placeholder-width: 194px; --smush-placeholder-aspect-ratio: 194\/194;\" \/><\/span><\/div><div class=\"fusion-text fusion-text-3\"><h3>+49 5171 70990<\/h3>\n<\/div><div class=\"fusion-clearfix\"><\/div><\/div><\/div><div class=\"fusion-layout-column fusion_builder_column fusion-builder-column-6 fusion_builder_column_1_2 1_2 fusion-one-half fusion-column-last\" style=\"--awb-bg-size:cover;width:50%;width:calc(50% - ( ( 4% + 4% ) * 0.5 ) );\"><div class=\"fusion-column-wrapper fusion-flex-column-wrapper-legacy\"><div class=\"fusion-image-element fusion-image-align-left in-legacy-container\" style=\"text-align:left;--awb-max-width:70px;--awb-caption-title-font-family:var(--h2_typography-font-family);--awb-caption-title-font-weight:var(--h2_typography-font-weight);--awb-caption-title-font-style:var(--h2_typography-font-style);--awb-caption-title-size:var(--h2_typography-font-size);--awb-caption-title-transform:var(--h2_typography-text-transform);--awb-caption-title-line-height:var(--h2_typography-line-height);--awb-caption-title-letter-spacing:var(--h2_typography-letter-spacing);\"><span class=\" fusion-imageframe imageframe-none imageframe-3 hover-type-none icons\" style=\"margin-right:25px;float:left;\"><img decoding=\"async\" width=\"194\" height=\"194\" title=\"BEI_Startseite_Icon_Mail\" data-src=\"https:\/\/beil-peine.de\/wp-content\/uploads\/2020\/06\/BEI_Startseite_Icon_Mail.png\" class=\"img-responsive wp-image-52955 lazyload\" alt=\"\" data-srcset=\"https:\/\/beil-peine.de\/wp-content\/uploads\/2020\/06\/BEI_Startseite_Icon_Mail-66x66.png 66w, https:\/\/beil-peine.de\/wp-content\/uploads\/2020\/06\/BEI_Startseite_Icon_Mail-150x150.png 150w, https:\/\/beil-peine.de\/wp-content\/uploads\/2020\/06\/BEI_Startseite_Icon_Mail.png 194w\" data-sizes=\"(max-width: 194px) 100vw, 194px\" src=\"data:image\/svg+xml;base64,PHN2ZyB3aWR0aD0iMSIgaGVpZ2h0PSIxIiB4bWxucz0iaHR0cDovL3d3dy53My5vcmcvMjAwMC9zdmciPjwvc3ZnPg==\" style=\"--smush-placeholder-width: 194px; --smush-placeholder-aspect-ratio: 194\/194;\" \/><\/span><\/div><div class=\"fusion-text fusion-text-4\"><h3><a style=\"color: #b82284; text-transform: lowercase;\" href=\"mailto:service@beil-peine.de\">service@beil-peine.de<\/a><\/h3>\n<\/div><div class=\"fusion-clearfix\"><\/div><\/div><\/div><div class=\"fusion-layout-column fusion_builder_column fusion-builder-column-7 fusion_builder_column_1_6 1_6 fusion-one-sixth fusion-column-first\" style=\"--awb-bg-size:cover;width:16.6666666667%;width:calc(16.6666666667% - ( ( 4% ) * 0.166666666667 ) );margin-right: 4%;\"><div class=\"fusion-column-wrapper fusion-column-has-shadow fusion-flex-column-wrapper-legacy\"><div class=\"fusion-clearfix\"><\/div><\/div><\/div><div class=\"fusion-layout-column fusion_builder_column fusion-builder-column-8 fusion_builder_column_5_6 5_6 fusion-five-sixth fusion-column-last\" style=\"--awb-bg-size:cover;width:83.3333333333%;width:calc(83.3333333333% - ( ( 4% ) * 0.833333333333 ) );\"><div class=\"fusion-column-wrapper fusion-column-has-shadow fusion-flex-column-wrapper-legacy\"><div class=\"fusion-image-element in-legacy-container\" style=\"--awb-caption-title-font-family:var(--h2_typography-font-family);--awb-caption-title-font-weight:var(--h2_typography-font-weight);--awb-caption-title-font-style:var(--h2_typography-font-style);--awb-caption-title-size:var(--h2_typography-font-size);--awb-caption-title-transform:var(--h2_typography-text-transform);--awb-caption-title-line-height:var(--h2_typography-line-height);--awb-caption-title-letter-spacing:var(--h2_typography-letter-spacing);\"><span class=\" fusion-imageframe imageframe-none imageframe-4 hover-type-none\"><img decoding=\"async\" width=\"1000\" height=\"500\" title=\"B_Komponenten\" data-src=\"https:\/\/beil-peine.de\/wp-content\/uploads\/2022\/03\/B_Komponenten.png\" class=\"img-responsive wp-image-55123 lazyload\" data-srcset=\"https:\/\/beil-peine.de\/wp-content\/uploads\/2022\/03\/B_Komponenten-200x100.png 200w, https:\/\/beil-peine.de\/wp-content\/uploads\/2022\/03\/B_Komponenten-400x200.png 400w, https:\/\/beil-peine.de\/wp-content\/uploads\/2022\/03\/B_Komponenten-600x300.png 600w, https:\/\/beil-peine.de\/wp-content\/uploads\/2022\/03\/B_Komponenten-800x400.png 800w, https:\/\/beil-peine.de\/wp-content\/uploads\/2022\/03\/B_Komponenten.png 1000w\" data-sizes=\"(max-width: 800px) 100vw, 1000px\" alt=\"\" src=\"data:image\/svg+xml;base64,PHN2ZyB3aWR0aD0iMSIgaGVpZ2h0PSIxIiB4bWxucz0iaHR0cDovL3d3dy53My5vcmcvMjAwMC9zdmciPjwvc3ZnPg==\" style=\"--smush-placeholder-width: 1000px; --smush-placeholder-aspect-ratio: 1000\/500;\"><\/span><\/div><div class=\"fusion-clearfix\"><\/div><\/div><\/div><\/div><\/div><\/div><div class=\"fusion-fullwidth fullwidth-box fusion-builder-row-3 nonhundred-percent-fullwidth non-hundred-percent-height-scrolling\" style=\"--awb-border-radius-top-left:0px;--awb-border-radius-top-right:0px;--awb-border-radius-bottom-right:0px;--awb-border-radius-bottom-left:0px;--awb-padding-top:70px;--awb-padding-bottom:70px;--awb-background-color:#f0f0f0;--awb-flex-wrap:wrap;\" ><div class=\"fusion-builder-row fusion-row\"><div class=\"fusion-layout-column fusion_builder_column fusion-builder-column-9 fusion_builder_column_1_6 1_6 fusion-one-sixth fusion-column-first\" style=\"--awb-bg-size:cover;width:16.6666666667%;width:calc(16.6666666667% - ( ( 4% + 4% ) * 0.166666666667 ) );margin-right: 4%;\"><div class=\"fusion-column-wrapper fusion-column-has-shadow fusion-flex-column-wrapper-legacy\"><div class=\"fusion-clearfix\"><\/div><\/div><\/div><div class=\"fusion-layout-column fusion_builder_column fusion-builder-column-10 fusion_builder_column_1_3 1_3 fusion-one-third\" style=\"--awb-bg-size:cover;width:33.3333333333%;width:calc(33.3333333333% - ( ( 4% + 4% ) * 0.333333333333 ) );margin-right: 4%;\"><div class=\"fusion-column-wrapper fusion-column-has-shadow fusion-flex-column-wrapper-legacy\"><div class=\"fusion-image-element fusion-image-align-left in-legacy-container\" style=\"text-align:left;--awb-caption-title-font-family:var(--h2_typography-font-family);--awb-caption-title-font-weight:var(--h2_typography-font-weight);--awb-caption-title-font-style:var(--h2_typography-font-style);--awb-caption-title-size:var(--h2_typography-font-size);--awb-caption-title-transform:var(--h2_typography-text-transform);--awb-caption-title-line-height:var(--h2_typography-line-height);--awb-caption-title-letter-spacing:var(--h2_typography-letter-spacing);\"><span class=\" fusion-imageframe imageframe-none imageframe-5 hover-type-none\" style=\"margin-right:25px;float:left;\"><img decoding=\"async\" width=\"600\" height=\"474\" alt=\"Produkte und Dienstleistungen f\u00fcr die Orthop\u00e4die-Werkstatt und Orthop\u00e4dieschuhtechnik\" title=\"Katalog\" data-src=\"https:\/\/beil-peine.de\/wp-content\/uploads\/2020\/09\/Katalog-600x474.png\" class=\"img-responsive wp-image-53554 lazyload\" data-srcset=\"https:\/\/beil-peine.de\/wp-content\/uploads\/2020\/09\/Katalog-200x158.png 200w, https:\/\/beil-peine.de\/wp-content\/uploads\/2020\/09\/Katalog-400x316.png 400w, https:\/\/beil-peine.de\/wp-content\/uploads\/2020\/09\/Katalog-600x474.png 600w, https:\/\/beil-peine.de\/wp-content\/uploads\/2020\/09\/Katalog.png 634w\" data-sizes=\"(max-width: 800px) 100vw, 400px\" src=\"data:image\/svg+xml;base64,PHN2ZyB3aWR0aD0iMSIgaGVpZ2h0PSIxIiB4bWxucz0iaHR0cDovL3d3dy53My5vcmcvMjAwMC9zdmciPjwvc3ZnPg==\" style=\"--smush-placeholder-width: 600px; --smush-placeholder-aspect-ratio: 600\/474;\" \/><\/span><\/div><div class=\"fusion-clearfix\"><\/div><\/div><\/div><div class=\"fusion-layout-column fusion_builder_column fusion-builder-column-11 fusion_builder_column_1_2 1_2 fusion-one-half fusion-column-last\" style=\"--awb-bg-size:cover;width:50%;width:calc(50% - ( ( 4% + 4% ) * 0.5 ) );\"><div class=\"fusion-column-wrapper fusion-flex-column-wrapper-legacy\"><div class=\"fusion-text fusion-text-5\" style=\"--awb-text-transform:none;\"><h2 class=\"fusion-responsive-typography-calculated\" data-fontsize=\"40\" data-lineheight=\"48px\">Current<br \/>\nCatalogue<\/h2>\n<\/div><div class=\"fusion-text fusion-text-6\" style=\"--awb-text-transform:none;\"><div class=\"page\" title=\"Page 2\">\n<div class=\"section\">\n<div class=\"layoutArea\">\n<div class=\"column\">\n<p style=\"text-align: left;\">Take a look on our current offer with<br \/>\nmany new products<\/p>\n<\/div>\n<\/div>\n<\/div>\n<\/div>\n<\/div><div class=\"fusion-clearfix\"><\/div><\/div><\/div><div class=\"fusion-layout-column fusion_builder_column fusion-builder-column-12 fusion_builder_column_1_6 1_6 fusion-one-sixth fusion-column-first\" style=\"--awb-bg-size:cover;width:16.6666666667%;width:calc(16.6666666667% - ( ( 4% + 4% ) * 0.166666666667 ) );margin-right: 4%;\"><div class=\"fusion-column-wrapper fusion-column-has-shadow fusion-flex-column-wrapper-legacy\"><div class=\"fusion-clearfix\"><\/div><\/div><\/div><div class=\"fusion-layout-column fusion_builder_column fusion-builder-column-13 fusion_builder_column_1_3 1_3 fusion-one-third\" style=\"--awb-bg-size:cover;width:33.3333333333%;width:calc(33.3333333333% - ( ( 4% + 4% ) * 0.333333333333 ) );margin-right: 4%;\"><div class=\"fusion-column-wrapper fusion-column-has-shadow fusion-flex-column-wrapper-legacy\"><div class=\"fusion-aligncenter\"><a class=\"fusion-button button-flat fusion-button-default-size button-default fusion-button-default button-2 fusion-button-default-span fusion-button-default-type\" style=\"--button-border-radius-top-left:0px;--button-border-radius-top-right:0px;--button-border-radius-bottom-right:0px;--button-border-radius-bottom-left:0px;\" target=\"_blank\" rel=\"noopener noreferrer\" href=\"https:\/\/beil-peine.de\/en\/catalogue\/#_1\"><i class=\"fa-eye fas awb-button__icon awb-button__icon--default button-icon-left\" aria-hidden=\"true\"><\/i><span class=\"fusion-button-text awb-button__text awb-button__text--default\">View online<\/span><\/a><\/div><div class=\"fusion-clearfix\"><\/div><\/div><\/div><div class=\"fusion-layout-column fusion_builder_column fusion-builder-column-14 fusion_builder_column_1_3 1_3 fusion-one-third fusion-column-last\" style=\"--awb-bg-size:cover;width:33.3333333333%;width:calc(33.3333333333% - ( ( 4% + 4% ) * 0.333333333333 ) );\"><div class=\"fusion-column-wrapper fusion-column-has-shadow fusion-flex-column-wrapper-legacy\"><div class=\"fusion-alignleft\"><a class=\"fusion-button button-flat fusion-button-default-size button-default fusion-button-default button-3 fusion-button-default-span fusion-button-default-type\" style=\"--button-border-radius-top-left:0px;--button-border-radius-top-right:0px;--button-border-radius-bottom-right:0px;--button-border-radius-bottom-left:0px;\" target=\"_blank\" rel=\"noopener noreferrer\" href=\"https:\/\/beil-peine.de\/wp-content\/uploads\/2024\/05\/BEIL_Katalog_EN_2024.pdf\"><i class=\"fa-file-pdf fas awb-button__icon awb-button__icon--default button-icon-left\" aria-hidden=\"true\"><\/i><span class=\"fusion-button-text awb-button__text awb-button__text--default\">Download<\/span><\/a><\/div><div class=\"fusion-clearfix\"><\/div><\/div><\/div><\/div><\/div><\/p>\n","protected":false},"excerpt":{"rendered":"","protected":false},"author":4,"featured_media":0,"parent":0,"menu_order":0,"comment_status":"closed","ping_status":"closed","template":"100-width.php","meta":{"_acf_changed":false,"footnotes":""},"class_list":["post-55114","page","type-page","status-publish","hentry"],"acf":[],"_links":{"self":[{"href":"https:\/\/beil-peine.de\/en\/wp-json\/wp\/v2\/pages\/55114","targetHints":{"allow":["GET"]}}],"collection":[{"href":"https:\/\/beil-peine.de\/en\/wp-json\/wp\/v2\/pages"}],"about":[{"href":"https:\/\/beil-peine.de\/en\/wp-json\/wp\/v2\/types\/page"}],"author":[{"embeddable":true,"href":"https:\/\/beil-peine.de\/en\/wp-json\/wp\/v2\/users\/4"}],"replies":[{"embeddable":true,"href":"https:\/\/beil-peine.de\/en\/wp-json\/wp\/v2\/comments?post=55114"}],"version-history":[{"count":0,"href":"https:\/\/beil-peine.de\/en\/wp-json\/wp\/v2\/pages\/55114\/revisions"}],"wp:attachment":[{"href":"https:\/\/beil-peine.de\/en\/wp-json\/wp\/v2\/media?parent=55114"}],"curies":[{"name":"wp","href":"https:\/\/api.w.org\/{rel}","templated":true}]}}